{"id":586,"date":"2021-04-14T09:55:56","date_gmt":"2021-04-14T07:55:56","guid":{"rendered":"https:\/\/bettinakletzsch.de\/shop\/?post_type=product&#038;p=586"},"modified":"2023-04-27T14:00:01","modified_gmt":"2023-04-27T12:00:01","slug":"aktionsheft","status":"publish","type":"product","link":"https:\/\/bettinakletzsch.de\/shop\/produkt\/aktionsheft\/","title":{"rendered":"Aktionsheft"},"content":{"rendered":"<p>Auf \u00fcber sieben Seiten 100 % MODE! MODE!<\/p>\n<p><strong>Inhaltsverzeichnis:<\/strong><\/p>\n<p>S.2 LOKAL! Das Modehaus f\u00fcr sie unterwegs &#8211; Markttag f\u00fcr Stars<\/p>\n<p>S.3 TOPFIT MIT TOPMARKEN &#8211; Frische Kracher, gut sortiert<\/p>\n<p>S.4 EXKLUSIV BEI UNS! &#8211; Kn\u00fcller, witzig und exklusiv<\/p>\n<p>S.5 GENUSS TO GO! &#8211; Super f\u00fcr unterwegs<\/p>\n<p>S.6 SPEZIALIT\u00c4TEN f\u00fcr die ganze Familie &#8211; Frisches direkt von der Wurstteke<\/p>\n<p>S.7 HANDWERK aus ihrer Region &#8211; Socken Spezial, jetzt noch handgeschnitzter<\/p>\n<p>S.8 TRADITION die begeistert &#8211; jetzt mit hochwertigem Sockel<\/p>\n","protected":false},"excerpt":{"rendered":"<p>Auf \u00fcber sieben Seiten 100 % MODE! MODE! Inhaltsverzeichnis: S.2 LOKAL! Das Modehaus f\u00fcr sie unterwegs &#8211; Markttag f\u00fcr Stars S.3 TOPFIT MIT TOPMARKEN &#8211; Frische Kracher, gut sortiert S.4 EXKLUSIV BEI UNS! &#8211; Kn\u00fcller, witzig und exklusiv S.5 GENUSS TO GO! &#8211; Super f\u00fcr unterwegs S.6 SPEZIALIT\u00c4TEN f\u00fcr die ganze Familie &#8211; Frisches direkt <a href=\"https:\/\/bettinakletzsch.de\/shop\/produkt\/aktionsheft\/\" class=\"more-link\">\u2026\u00a0<span class=\"screen-reader-text\">  Aktionsheft<\/span><\/a><\/p>\n","protected":false},"featured_media":600,"template":"","meta":[],"product_brand":[],"product_cat":[182,192,15],"product_tag":[],"class_list":{"0":"post-586","1":"product","2":"type-product","3":"status-publish","4":"has-post-thumbnail","6":"product_cat-aktionsheft","7":"product_cat-alle-produkte","8":"product_cat-unkategorisiert","9":"product_shipping_class-brief-deutschland","11":"first","12":"instock","13":"shipping-taxable","14":"purchasable","15":"product-type-simple"},"jetpack_sharing_enabled":true,"_links":{"self":[{"href":"https:\/\/bettinakletzsch.de\/shop\/wp-json\/wp\/v2\/product\/586","targetHints":{"allow":["GET"]}}],"collection":[{"href":"https:\/\/bettinakletzsch.de\/shop\/wp-json\/wp\/v2\/product"}],"about":[{"href":"https:\/\/bettinakletzsch.de\/shop\/wp-json\/wp\/v2\/types\/product"}],"wp:featuredmedia":[{"embeddable":true,"href":"https:\/\/bettinakletzsch.de\/shop\/wp-json\/wp\/v2\/media\/600"}],"wp:attachment":[{"href":"https:\/\/bettinakletzsch.de\/shop\/wp-json\/wp\/v2\/media?parent=586"}],"wp:term":[{"taxonomy":"product_brand","embeddable":true,"href":"https:\/\/bettinakletzsch.de\/shop\/wp-json\/wp\/v2\/product_brand?post=586"},{"taxonomy":"product_cat","embeddable":true,"href":"https:\/\/bettinakletzsch.de\/shop\/wp-json\/wp\/v2\/product_cat?post=586"},{"taxonomy":"product_tag","embeddable":true,"href":"https:\/\/bettinakletzsch.de\/shop\/wp-json\/wp\/v2\/product_tag?post=586"}],"curies":[{"name":"wp","href":"https:\/\/api.w.org\/{rel}","templated":true}]}}