{"id":565,"date":"2021-02-18T09:02:20","date_gmt":"2021-02-18T08:02:20","guid":{"rendered":"https:\/\/bettinakletzsch.de\/shop\/?post_type=product&#038;p=565"},"modified":"2023-02-11T18:56:56","modified_gmt":"2023-02-11T17:56:56","slug":"mantel","status":"publish","type":"product","link":"https:\/\/bettinakletzsch.de\/shop\/produkt\/mantel\/","title":{"rendered":"Mantel: Regenwurstsalat"},"content":{"rendered":"<p>F\u00fcr die Arbeit Regenwurst und Bogenk\u00e4se dienen die Unterseiten von Wurst-, und K\u00e4severpackungen als Druckvorlage f\u00fcr Stoffe. Der Druckvorgang gleicht dem Zeichnen eines Bildes, die Pr\u00e4sentation dem analogen Vorgang des Einschlagens von Waren an der Frischetheke. Entfaltet wird eine Diskussion \u00fcber die Schaffung und Vernichtung von Werten \u201e\u2026 denn wenn das Aussortierte, Abseitige, Weggeworfene auf einmal wieder offen auf der Stra\u00dfe liegt, dann wird eine Ordnung auf den Kopf gestellt, ein Konsum-und Verwertungszyklus zumindest symbolisch unterbrochen.\u201c1<\/p>\n<p>1 Die Epilog, Ausgabe Nr.7 (2018) S.90<\/p>\n","protected":false},"excerpt":{"rendered":"<p>Mantel aus der Serie: <em>Ich h\u00e4tte gern drei Scheiben von der Regenwurst und neun Scheiben Bogenk\u00e4se<\/em><\/p>\n","protected":false},"featured_media":566,"template":"","meta":[],"product_brand":[],"product_cat":[192,39,107],"product_tag":[236],"class_list":{"0":"post-565","1":"product","2":"type-product","3":"status-publish","4":"has-post-thumbnail","6":"product_cat-alle-produkte","7":"product_cat-kleidung","8":"product_cat-mantel","9":"product_tag-regenwurst-und-bogenkaese","10":"product_shipping_class-paeckchen","12":"first","13":"instock","14":"shipping-taxable","15":"purchasable","16":"product-type-simple"},"jetpack_sharing_enabled":true,"_links":{"self":[{"href":"https:\/\/bettinakletzsch.de\/shop\/wp-json\/wp\/v2\/product\/565","targetHints":{"allow":["GET"]}}],"collection":[{"href":"https:\/\/bettinakletzsch.de\/shop\/wp-json\/wp\/v2\/product"}],"about":[{"href":"https:\/\/bettinakletzsch.de\/shop\/wp-json\/wp\/v2\/types\/product"}],"wp:featuredmedia":[{"embeddable":true,"href":"https:\/\/bettinakletzsch.de\/shop\/wp-json\/wp\/v2\/media\/566"}],"wp:attachment":[{"href":"https:\/\/bettinakletzsch.de\/shop\/wp-json\/wp\/v2\/media?parent=565"}],"wp:term":[{"taxonomy":"product_brand","embeddable":true,"href":"https:\/\/bettinakletzsch.de\/shop\/wp-json\/wp\/v2\/product_brand?post=565"},{"taxonomy":"product_cat","embeddable":true,"href":"https:\/\/bettinakletzsch.de\/shop\/wp-json\/wp\/v2\/product_cat?post=565"},{"taxonomy":"product_tag","embeddable":true,"href":"https:\/\/bettinakletzsch.de\/shop\/wp-json\/wp\/v2\/product_tag?post=565"}],"curies":[{"name":"wp","href":"https:\/\/api.w.org\/{rel}","templated":true}]}}