{"id":527,"date":"2021-01-20T16:07:01","date_gmt":"2021-01-20T15:07:01","guid":{"rendered":"https:\/\/bettinakletzsch.de\/shop\/?post_type=product&#038;p=527"},"modified":"2025-01-23T12:08:59","modified_gmt":"2025-01-23T11:08:59","slug":"4-aermliger-pullover-umarmlang-2","status":"publish","type":"product","link":"https:\/\/bettinakletzsch.de\/shop\/produkt\/4-aermliger-pullover-umarmlang-2\/","title":{"rendered":"4-\u00c4rmliger Pullover &#8211; UMARMLANG"},"content":{"rendered":"<p>Die 4- \u00c4rmel k\u00f6nnen je nach Temperatur oder Lust und Laune benutzt und gewechselt werden.<\/p>\n","protected":false},"excerpt":{"rendered":"<p>4-\u00c4rmliger Pullover aus der Kollektion &#8211; UMARMLANG<\/p>\n","protected":false},"featured_media":528,"template":"","meta":[],"product_brand":[],"product_cat":[192,39,34,15],"product_tag":[],"class_list":{"0":"post-527","1":"product","2":"type-product","3":"status-publish","4":"has-post-thumbnail","6":"product_cat-alle-produkte","7":"product_cat-kleidung","8":"product_cat-pullover","9":"product_cat-unkategorisiert","10":"product_shipping_class-sonstiges","12":"first","13":"outofstock","14":"shipping-taxable","15":"purchasable","16":"product-type-simple"},"jetpack_sharing_enabled":true,"_links":{"self":[{"href":"https:\/\/bettinakletzsch.de\/shop\/wp-json\/wp\/v2\/product\/527","targetHints":{"allow":["GET"]}}],"collection":[{"href":"https:\/\/bettinakletzsch.de\/shop\/wp-json\/wp\/v2\/product"}],"about":[{"href":"https:\/\/bettinakletzsch.de\/shop\/wp-json\/wp\/v2\/types\/product"}],"wp:featuredmedia":[{"embeddable":true,"href":"https:\/\/bettinakletzsch.de\/shop\/wp-json\/wp\/v2\/media\/528"}],"wp:attachment":[{"href":"https:\/\/bettinakletzsch.de\/shop\/wp-json\/wp\/v2\/media?parent=527"}],"wp:term":[{"taxonomy":"product_brand","embeddable":true,"href":"https:\/\/bettinakletzsch.de\/shop\/wp-json\/wp\/v2\/product_brand?post=527"},{"taxonomy":"product_cat","embeddable":true,"href":"https:\/\/bettinakletzsch.de\/shop\/wp-json\/wp\/v2\/product_cat?post=527"},{"taxonomy":"product_tag","embeddable":true,"href":"https:\/\/bettinakletzsch.de\/shop\/wp-json\/wp\/v2\/product_tag?post=527"}],"curies":[{"name":"wp","href":"https:\/\/api.w.org\/{rel}","templated":true}]}}