{"id":391,"date":"2020-11-21T16:07:49","date_gmt":"2020-11-21T15:07:49","guid":{"rendered":"https:\/\/bettinakletzsch.de\/shop\/?post_type=product&#038;p=391"},"modified":"2024-03-18T09:28:30","modified_gmt":"2024-03-18T08:28:30","slug":"regenwurst-socke-tuerkis-nr-2","status":"publish","type":"product","link":"https:\/\/bettinakletzsch.de\/shop\/produkt\/regenwurst-socke-tuerkis-nr-2\/","title":{"rendered":"Kochschinken lacht sich tot wei\u00df Nr.3"},"content":{"rendered":"<p>GR\u00d6\u00dfE: 40-42<\/p>\n<p>MATERIAL:<br \/>\n75 % Baumwolle, 20 % Polyamid, 5 % Elastan<br \/>\nSiebdruckfarbe<\/p>\n<p>HERSTELLUNG:<br \/>\nSocken: produziert im Erzgebirge<br \/>\nMuster: handbedruckt, als Druckvorlage dienen die Unterseiten von industriell hergestellten<br \/>\nWurst &#038; K\u00e4se Leichtverpackungen<\/p>\n<p>PFLEGEHINWEIS:<br \/>\nAuf links gedreht waschen. 40\u00b0C, Waschmaschine<\/p>\n","protected":false},"excerpt":{"rendered":"<p>Handgeschnitzte Socken aus dem Erzgebirge<\/p>\n","protected":false},"featured_media":985,"template":"","meta":[],"product_brand":[],"product_cat":[192,51,30],"product_tag":[236],"class_list":{"0":"post-391","1":"product","2":"type-product","3":"status-publish","4":"has-post-thumbnail","6":"product_cat-alle-produkte","7":"product_cat-socken-40-42","8":"product_cat-socken","9":"product_tag-regenwurst-und-bogenkaese","10":"product_shipping_class-socken","12":"first","13":"outofstock","14":"sold-individually","15":"shipping-taxable","16":"purchasable","17":"product-type-simple"},"jetpack_sharing_enabled":true,"_links":{"self":[{"href":"https:\/\/bettinakletzsch.de\/shop\/wp-json\/wp\/v2\/product\/391","targetHints":{"allow":["GET"]}}],"collection":[{"href":"https:\/\/bettinakletzsch.de\/shop\/wp-json\/wp\/v2\/product"}],"about":[{"href":"https:\/\/bettinakletzsch.de\/shop\/wp-json\/wp\/v2\/types\/product"}],"wp:featuredmedia":[{"embeddable":true,"href":"https:\/\/bettinakletzsch.de\/shop\/wp-json\/wp\/v2\/media\/985"}],"wp:attachment":[{"href":"https:\/\/bettinakletzsch.de\/shop\/wp-json\/wp\/v2\/media?parent=391"}],"wp:term":[{"taxonomy":"product_brand","embeddable":true,"href":"https:\/\/bettinakletzsch.de\/shop\/wp-json\/wp\/v2\/product_brand?post=391"},{"taxonomy":"product_cat","embeddable":true,"href":"https:\/\/bettinakletzsch.de\/shop\/wp-json\/wp\/v2\/product_cat?post=391"},{"taxonomy":"product_tag","embeddable":true,"href":"https:\/\/bettinakletzsch.de\/shop\/wp-json\/wp\/v2\/product_tag?post=391"}],"curies":[{"name":"wp","href":"https:\/\/api.w.org\/{rel}","templated":true}]}}