{"id":1220,"date":"2026-03-13T14:11:12","date_gmt":"2026-03-13T13:11:12","guid":{"rendered":"https:\/\/bettinakletzsch.de\/shop\/?post_type=product&#038;p=1220"},"modified":"2026-04-15T14:03:09","modified_gmt":"2026-04-15T12:03:09","slug":"tagesdecke-eine-decke-voll-tag-nr-30-6-24-2","status":"publish","type":"product","link":"https:\/\/bettinakletzsch.de\/shop\/produkt\/tagesdecke-eine-decke-voll-tag-nr-30-6-24-2\/","title":{"rendered":"Tagesdecke \u2013 Eine Decke voll Tag Nr.: 30.6.24"},"content":{"rendered":"<p>\u201eSeitdem warme Bettdecken das \u00dcberleben meiner Urgro\u00dfeltern und ihrer Kinder auf der Flucht sicherten, wird die Suche nach der richtigen Decke von Generation zu Generation bis in die Gegenwart weitergegeben.\u201c Bettina Kletzsch<\/p>\n<p>Um die Geburt Ihres Kindes herum f\u00fcllte Kletzsch, \u00fcber einen Zeitraum von zwei Jahren zahlreiche Skizzenb\u00fccher mit \u00fcber 1.000 Zeichnungen.<br \/>\nUm aus diesen tagebuchartigen Bildern eine Auswahl zu treffen traf sie sich mit ihren Freunden.<br \/>\nGemeinsam nahmen sie sich Zeit \u2013 f\u00fcreinander, aber auch, um die Skizzen zu betrachten, zu kommentieren und einzelne Formen aus den Zeichnungen mittels abpausen herauszul\u00f6sen.<br \/>\nDiese Elemente aus verschiedenen Zeichnungen sind nun auf einer Tagesdecke versammelt.<br \/>\nSie dient als Wandbild, w\u00e4rmendes Element oder als Teil einer spielerischen Behausung.<\/p>\n","protected":false},"excerpt":{"rendered":"<p>Tagesdecke aus der Kollektion: Eine Decke voll Tag Nr.: 30.6.24 \/ UNIKAT<\/p>\n","protected":false},"featured_media":1224,"template":"","meta":[],"product_brand":[],"product_cat":[192,267],"product_tag":[285],"class_list":{"0":"post-1220","1":"product","2":"type-product","3":"status-publish","4":"has-post-thumbnail","6":"product_cat-alle-produkte","7":"product_cat-knitted-blanket","8":"product_tag-eine-decke-voll-tag","9":"product_shipping_class-paket","11":"first","12":"outofstock","13":"shipping-taxable","14":"purchasable","15":"product-type-simple"},"jetpack_sharing_enabled":true,"_links":{"self":[{"href":"https:\/\/bettinakletzsch.de\/shop\/wp-json\/wp\/v2\/product\/1220","targetHints":{"allow":["GET"]}}],"collection":[{"href":"https:\/\/bettinakletzsch.de\/shop\/wp-json\/wp\/v2\/product"}],"about":[{"href":"https:\/\/bettinakletzsch.de\/shop\/wp-json\/wp\/v2\/types\/product"}],"wp:featuredmedia":[{"embeddable":true,"href":"https:\/\/bettinakletzsch.de\/shop\/wp-json\/wp\/v2\/media\/1224"}],"wp:attachment":[{"href":"https:\/\/bettinakletzsch.de\/shop\/wp-json\/wp\/v2\/media?parent=1220"}],"wp:term":[{"taxonomy":"product_brand","embeddable":true,"href":"https:\/\/bettinakletzsch.de\/shop\/wp-json\/wp\/v2\/product_brand?post=1220"},{"taxonomy":"product_cat","embeddable":true,"href":"https:\/\/bettinakletzsch.de\/shop\/wp-json\/wp\/v2\/product_cat?post=1220"},{"taxonomy":"product_tag","embeddable":true,"href":"https:\/\/bettinakletzsch.de\/shop\/wp-json\/wp\/v2\/product_tag?post=1220"}],"curies":[{"name":"wp","href":"https:\/\/api.w.org\/{rel}","templated":true}]}}