{"id":1087,"date":"2024-10-11T14:25:33","date_gmt":"2024-10-11T12:25:33","guid":{"rendered":"https:\/\/bettinakletzsch.de\/shop\/?post_type=product&#038;p=1087"},"modified":"2025-10-25T17:37:08","modified_gmt":"2025-10-25T15:37:08","slug":"socke-regenwurst-und-bogenkaese-hellgrau","status":"publish","type":"product","link":"https:\/\/bettinakletzsch.de\/shop\/produkt\/socke-regenwurst-und-bogenkaese-hellgrau\/","title":{"rendered":"Socke Regenwurst und Bogenk\u00e4se, hellgrau"},"content":{"rendered":"<p>GR\u00d6\u00dfE: 47-50<\/p>\n<p>FARBE: hellgrau<\/p>\n<p>MATERIAL:<br \/>\n75 % Baumwolle, 20 % Polyamid, 5 % Elastan<br \/>\nSiebdruckfarbe<\/p>\n<p>HERSTELLUNG:<br \/>\nSocken: produziert im Erzgebirge<br \/>\nMuster: handbedruckt, als Druckvorlage dienen die Unterseiten von industriell hergestellten<br \/>\nWurst &#038; K\u00e4se Leichtverpackungen<\/p>\n<p>PFLEGEHINWEIS:<br \/>\nAuf links gedreht waschen. 30\u00b0C, Waschmaschine<\/p>\n","protected":false},"excerpt":{"rendered":"<p>Handgeschnitzte Socken aus dem Erzgebirge<\/p>\n","protected":false},"featured_media":1089,"template":"","meta":[],"product_brand":[],"product_cat":[192,39,234],"product_tag":[236,268],"class_list":{"0":"post-1087","1":"product","2":"type-product","3":"status-publish","4":"has-post-thumbnail","6":"product_cat-alle-produkte","7":"product_cat-kleidung","8":"product_cat-socken-47-50","9":"product_tag-regenwurst-und-bogenkaese","10":"product_tag-socken-47-50","11":"product_shipping_class-socken","13":"first","14":"outofstock","15":"shipping-taxable","16":"purchasable","17":"product-type-simple"},"jetpack_sharing_enabled":true,"_links":{"self":[{"href":"https:\/\/bettinakletzsch.de\/shop\/wp-json\/wp\/v2\/product\/1087","targetHints":{"allow":["GET"]}}],"collection":[{"href":"https:\/\/bettinakletzsch.de\/shop\/wp-json\/wp\/v2\/product"}],"about":[{"href":"https:\/\/bettinakletzsch.de\/shop\/wp-json\/wp\/v2\/types\/product"}],"wp:featuredmedia":[{"embeddable":true,"href":"https:\/\/bettinakletzsch.de\/shop\/wp-json\/wp\/v2\/media\/1089"}],"wp:attachment":[{"href":"https:\/\/bettinakletzsch.de\/shop\/wp-json\/wp\/v2\/media?parent=1087"}],"wp:term":[{"taxonomy":"product_brand","embeddable":true,"href":"https:\/\/bettinakletzsch.de\/shop\/wp-json\/wp\/v2\/product_brand?post=1087"},{"taxonomy":"product_cat","embeddable":true,"href":"https:\/\/bettinakletzsch.de\/shop\/wp-json\/wp\/v2\/product_cat?post=1087"},{"taxonomy":"product_tag","embeddable":true,"href":"https:\/\/bettinakletzsch.de\/shop\/wp-json\/wp\/v2\/product_tag?post=1087"}],"curies":[{"name":"wp","href":"https:\/\/api.w.org\/{rel}","templated":true}]}}