{"id":1036,"date":"2024-04-18T12:16:49","date_gmt":"2024-04-18T10:16:49","guid":{"rendered":"https:\/\/bettinakletzsch.de\/shop\/?post_type=product&#038;p=1036"},"modified":"2024-10-25T15:19:55","modified_gmt":"2024-10-25T13:19:55","slug":"baerchenwurst-stuerzt-sich-in-die-fluten","status":"publish","type":"product","link":"https:\/\/bettinakletzsch.de\/shop\/produkt\/baerchenwurst-stuerzt-sich-in-die-fluten\/","title":{"rendered":"B\u00e4rchenwurst st\u00fcrzt sich in die Wurstbr\u00fche"},"content":{"rendered":"<p>F\u00fcr die Stempeldrucke dienen die Unterseiten von Wurst-, und K\u00e4severpackungen als Druckvorlage. Die Arbeit ist eine Auskopplung aus der Arbeit <a href=\"https:\/\/www.bettinakletzsch.de\/2020\/04\/01\/ich-haette-gern-drei-scheiben-von-der-regenwurst-und-neun-scheiben-bogenkaese\/\">Regenwurst und Bogenk\u00e4se<\/a>.<\/p>\n<p>Durch den Vorgang des Druckens wird die Kehrseites der Wegwerfgesellschaft sichtbar gemacht. Die Verschiedenen Ebenen der Verpackung werden erkennbar und versammeln sich auf dem Papier zu tragisch komischen Kompositionen.<\/p>\n<p>Jeder Druck ist ein Unikat.<\/p>\n","protected":false},"excerpt":{"rendered":"<p>Stempeldruck BETTINA KLETZSCH 2024<br \/>\nMa\u00dfe: 58 x 42 cm<br \/>\nLinoldruckfarbe<br \/>\n90 g Papier<br \/>\nUnikat<\/p>\n<p>Preis ohne Rahmen.<\/p>\n","protected":false},"featured_media":1037,"template":"","meta":[],"product_brand":[],"product_cat":[192,261,244],"product_tag":[259,236,262],"class_list":{"0":"post-1036","1":"product","2":"type-product","3":"status-publish","4":"has-post-thumbnail","6":"product_cat-alle-produkte","7":"product_cat-papier","8":"product_cat-verpackungsdruck","9":"product_tag-papier","10":"product_tag-regenwurst-und-bogenkaese","11":"product_tag-verpackung","12":"product_shipping_class-paket","14":"first","15":"instock","16":"shipping-taxable","17":"purchasable","18":"product-type-simple"},"jetpack_sharing_enabled":true,"_links":{"self":[{"href":"https:\/\/bettinakletzsch.de\/shop\/wp-json\/wp\/v2\/product\/1036","targetHints":{"allow":["GET"]}}],"collection":[{"href":"https:\/\/bettinakletzsch.de\/shop\/wp-json\/wp\/v2\/product"}],"about":[{"href":"https:\/\/bettinakletzsch.de\/shop\/wp-json\/wp\/v2\/types\/product"}],"wp:featuredmedia":[{"embeddable":true,"href":"https:\/\/bettinakletzsch.de\/shop\/wp-json\/wp\/v2\/media\/1037"}],"wp:attachment":[{"href":"https:\/\/bettinakletzsch.de\/shop\/wp-json\/wp\/v2\/media?parent=1036"}],"wp:term":[{"taxonomy":"product_brand","embeddable":true,"href":"https:\/\/bettinakletzsch.de\/shop\/wp-json\/wp\/v2\/product_brand?post=1036"},{"taxonomy":"product_cat","embeddable":true,"href":"https:\/\/bettinakletzsch.de\/shop\/wp-json\/wp\/v2\/product_cat?post=1036"},{"taxonomy":"product_tag","embeddable":true,"href":"https:\/\/bettinakletzsch.de\/shop\/wp-json\/wp\/v2\/product_tag?post=1036"}],"curies":[{"name":"wp","href":"https:\/\/api.w.org\/{rel}","templated":true}]}}