{"id":1001,"date":"2024-04-17T17:27:40","date_gmt":"2024-04-17T15:27:40","guid":{"rendered":"https:\/\/bettinakletzsch.de\/shop\/?post_type=product&#038;p=1001"},"modified":"2024-10-25T15:25:05","modified_gmt":"2024-10-25T13:25:05","slug":"baerchenwurst-jongliert-mit-vier-blauen-baellen","status":"publish","type":"product","link":"https:\/\/bettinakletzsch.de\/shop\/produkt\/baerchenwurst-jongliert-mit-vier-blauen-baellen\/","title":{"rendered":"B\u00e4rchenwurst jongliert mit vier blauen B\u00e4llen"},"content":{"rendered":"<p>F\u00fcr die Stempeldrucke auf Papier dienen die Unterseiten von Wurst-, und K\u00e4severpackungen als Druckvorlage. Die Drucke sind eine Auskopplung aus der Texil Arbeit \u201eRegenwurst und Bogenk\u00e4se\u201c.<\/p>\n<p>Durch den Vorgang des Druckens wird die Kehrseite der Wegwerfgesellschaft sichtbarer und die verschiedenen Ebenen der Verpackung erkennbar.<br \/>\nAuf dem Papier versammeln sich die Muster zu tragisch komischen Kompositionen.<\/p>\n<p>Jeder Druck ist ein Unikat.<\/p>\n","protected":false},"excerpt":{"rendered":"<p>Stempeldruck BETTINA KLETZSCH 2024<br \/>\nMa\u00dfe: 58 x 42 cm<br \/>\nLinoldruckfarbe<br \/>\n90 g Papier<br \/>\nUnikat<\/p>\n<p>Preis ohne Rahmen.<\/p>\n","protected":false},"featured_media":1002,"template":"","meta":[],"product_brand":[],"product_cat":[192,261,15,244],"product_tag":[259,236,262],"class_list":{"0":"post-1001","1":"product","2":"type-product","3":"status-publish","4":"has-post-thumbnail","6":"product_cat-alle-produkte","7":"product_cat-papier","8":"product_cat-unkategorisiert","9":"product_cat-verpackungsdruck","10":"product_tag-papier","11":"product_tag-regenwurst-und-bogenkaese","12":"product_tag-verpackung","13":"product_shipping_class-paket","15":"first","16":"instock","17":"shipping-taxable","18":"purchasable","19":"product-type-simple"},"jetpack_sharing_enabled":true,"_links":{"self":[{"href":"https:\/\/bettinakletzsch.de\/shop\/wp-json\/wp\/v2\/product\/1001","targetHints":{"allow":["GET"]}}],"collection":[{"href":"https:\/\/bettinakletzsch.de\/shop\/wp-json\/wp\/v2\/product"}],"about":[{"href":"https:\/\/bettinakletzsch.de\/shop\/wp-json\/wp\/v2\/types\/product"}],"wp:featuredmedia":[{"embeddable":true,"href":"https:\/\/bettinakletzsch.de\/shop\/wp-json\/wp\/v2\/media\/1002"}],"wp:attachment":[{"href":"https:\/\/bettinakletzsch.de\/shop\/wp-json\/wp\/v2\/media?parent=1001"}],"wp:term":[{"taxonomy":"product_brand","embeddable":true,"href":"https:\/\/bettinakletzsch.de\/shop\/wp-json\/wp\/v2\/product_brand?post=1001"},{"taxonomy":"product_cat","embeddable":true,"href":"https:\/\/bettinakletzsch.de\/shop\/wp-json\/wp\/v2\/product_cat?post=1001"},{"taxonomy":"product_tag","embeddable":true,"href":"https:\/\/bettinakletzsch.de\/shop\/wp-json\/wp\/v2\/product_tag?post=1001"}],"curies":[{"name":"wp","href":"https:\/\/api.w.org\/{rel}","templated":true}]}}