{"id":14,"date":"2020-04-09T12:34:57","date_gmt":"2020-04-09T10:34:57","guid":{"rendered":"https:\/\/bettinakletzsch.de\/shop\/agb\/"},"modified":"2020-11-25T11:49:31","modified_gmt":"2020-11-25T10:49:31","slug":"agb","status":"publish","type":"page","link":"https:\/\/bettinakletzsch.de\/shop\/en\/agb\/","title":{"rendered":"AGB"},"content":{"rendered":"\n<p>Allgemeine Gesch\u00e4ftsbedingungen<br><br>\u00a7 1 \u2013 Vertragspartner und Verwender der AGB <br>(1) Vertragspartner f\u00fcr die im \u201eModehaus Kletzsch &#8211; online Shop\u201c aufgef\u00fchrten Waren und Verwender dieser AGB ist: Bettina Kletzsch, Louisenstra\u00dfe 70 in 01099 Dresden (im folgenden kurz \u201eVerwender \u201c genannt). <br>(2) Bestandteil des Vertrages sind diese \u201eAllgemeinen Gesch\u00e4ftsbedingungen\u201c (AGB), wenn sie vom Besteller mit Abschluss des Vertrages anerkannt werden. Abweichende AGB werden zur\u00fcckgewiesen.<br><br>\u00a7 2 \u2013 Warenangebot und Zustandekommen des Vertrages <br>(1) S\u00e4mtliche Angebote sind freibleibend. Die Pr\u00e4sentation der Waren im Internet-Shop stellt kein bindendes Angebot des Verwenders auf Abschluss eines Kaufvertrages dar. Der Kunde wird hierdurch lediglich aufgefordert, durch eine Bestellung ein Angebot abzugeben. Die farbliche Darstellung der einzelnen Artikel auf der Internetseite kann je nach verwendeten Internetbrowser und gew\u00e4hlten Monitoreinstellungen des Bestellers geringf\u00fcgig variieren. Diese Abweichungen sind technisch nicht ganz vermeidbar und zu ber\u00fccksichtigen. <br>(2) Bestellungen und Lieferungen sind grunds\u00e4tzlich nur innerhalb Deutschlands m\u00f6glich. Sollte der Besteller eine Lieferung ins Ausland w\u00fcnschen, so versucht der Verwender dem Besteller weiterzuhelfen. <br>(3) Mit der Absendung des Bestellwunsches \u00fcber den Button \u201ezahlungspflichtig bestellen\u201c gibt der Besteller ein verbindliches Angebot zum Vertragsschluss an den Verwender ab. Mit der Zusendung einer Auftragsbest\u00e4tigung per E-Mail an den Besteller oder der Lieferung der bestellten Waren wird das Angebot vom Verwender angenommen. Bei der Bestellung \u00fcber den Onlineshop umfasst der Bestellvorgang insgesamt [xx] Schritte. Im ersten Schritt w\u00e4hlt der Besteller die gew\u00fcnschten Waren aus. Im zweiten Schritt gibt der Besteller seine Kundendaten einschlie\u00dflich Rechnungsanschrift und ggf. abweichender Lieferanschrift ein. Im letzten Schritt hat der Besteller die M\u00f6glichkeit, s\u00e4mtliche Angaben (z.B. Name, Anschrift, Zahlungsweise, bestellte Artikel) noch einmal zu \u00fcberpr\u00fcfen und ggf. zu korrigieren, bevor er seine Bestellung durch Klicken auf \u201ezahlungspflichtig bestellen\u201c an den Verwender absendet. <br>(4) Zugleich mit der Auftragsbest\u00e4tigung sendet der Verwender dem Besteller eine Widerrufsbelehrung und AGB an die von ihm angegebene E-Mail-Adresse. <br>(6) Bei Lieferhindernissen oder anderen Umst\u00e4nden, die der Vertragserf\u00fcllung entgegenstehen w\u00fcrden, informiert der Verwender den Besteller per E-Mail.<br><br>\u00a7 3 \u2013 Eigentumsvorbehalt <br>(1) Die gelieferte Ware bleibt bis zur vollst\u00e4ndigen Bezahlung Eigentum des Verwenders. <br>(2) Der K\u00e4ufer hat die Verk\u00e4uferin unverz\u00fcglich zu unterrichten, wenn Ma\u00dfnahmen Dritter oder sonstige Ereignisse die Rechte der Verk\u00e4uferin gef\u00e4hrden. Der K\u00e4ufer hat im Falle der Pf\u00e4ndung oder Beschlagnahme der Sache den Dritten auf das Eigentum der Verk\u00e4uferin hinzuweisen. Er hat die Verk\u00e4uferin von solchen Ma\u00dfnahmen oder Ereignissen unverz\u00fcglich zu benachrichtigen.<br><br>\u00a7 4 \u2013 Preise und Zahlungsbedingungen <br>(1) Alle Preise sind Endpreise, Umsatzsteuer wird gem\u00e4\u00df \u00a7 19 Abs. 1 UStG nicht erhoben, zzgl.Versandkosten pro Bestellung. <br>(2) Die Zahlung erfolgt per Pay Pal oder Vorkasse durch Vorab-\u00dcberweisung. Der Rechnungsbetrag ist innerhalb von 10 Tagen nach Zugang der Auftragsbest\u00e4tigung auf das Konto des Verwenders bei der (Bank, SEPA-NR) zu \u00fcberweisen.<br><br>\u00a7 5 \u2013 Kosten der R\u00fccksendung bei Widerruf <br>Soweit der Besteller von dem bestehenden Widerrufsrecht Gebrauch macht, hat er die regelm\u00e4\u00dfigen Kosten der R\u00fccksendung zu tragen, wenn die gelieferte Ware der bestellten entspricht und wenn der Preis der zur\u00fcckzusendenden Sache einen Betrag von 40 Euro nicht \u00fcbersteigt. Andersfalls ist die R\u00fccksendung f\u00fcr den Besteller kostenfrei.<br><br>\u00a7 6 \u2013 Versand, Lieferfristen <br>(1) Sofern nicht beim Angebot anders angegeben, bringt der Verwender die Ware innerhalb von 2 Werktagen nach vollst\u00e4ndigen Zahlungseingang in den Versand. <br>(2) Bei unvollst\u00e4ndiger Lieferung oder Besch\u00e4digung auf dem Transportweg bittet der Anbieter um Benachrichtigung innerhalb von 24 Stunden. Sichtbare Besch\u00e4digungen (auch an der Verpackung) m\u00fcssen sofort beim jeweiligen Spediteur\/Lieferservice\/Post gemeldet werden.<br><br>\u00a7 7 \u2013 Gew\u00e4hrleistung <br>(1) Die Sachm\u00e4ngelgew\u00e4hrleistung richtet sich nach den gesetzlichen Bestimmungen, soweit nachfolgend nichts anderes bestimmt ist. <br>(2) Sollten gelieferte Artikel offensichtliche Material- oder Herstellungsfehler aufweisen, wozu auch Transportsch\u00e4den z\u00e4hlen, so hat der Besteller solche Fehler unverz\u00fcglich beim Verwender zu reklamieren. Die Vers\u00e4umung dieser R\u00fcge hat allerdings f\u00fcr die gesetzlichen Anspr\u00fcche keine Konsequenzen. <br>(3) Wegen Sch\u00e4den, die sich aus der Mangelhaftigkeit eines Liefergegenstandes ergeben, haftet die Verk\u00e4uferin auch f\u00fcr ihre Erf\u00fcllungsgehilfen nur f\u00fcr Vorsatz und grobe Fahrl\u00e4ssigkeit. Die Gew\u00e4hrleistungsfrist beim Kauf gebrauchter Sachen betr\u00e4gt ein Jahr. Diese Haftungsbeschr\u00e4nkung gilt nicht f\u00fcr garantierte Beschaffenheitsmerkmale. Sie gilt ferner nicht f\u00fcr Sch\u00e4den an Leben, K\u00f6rper oder Gesundheit.<br><br>\u00a7 8 \u2013 Datenschutz <br>Bei allen Vorg\u00e4ngen der Datenverarbeitung (z.B. Erhebung, Verarbeitung und \u00dcbermittlung) verf\u00e4hrt der Verwender nach den gesetzlichen Vorschriften. Die personenbezogenen Daten, die der Besteller z.B. bei einer Bestellung oder per E-Mail mitteilt (z.B. Name und Kontodaten), werden nur zur Korrespondenz mit dem Besteller und nur f\u00fcr den Zweck verarbeitet, zu dem der Besteller die Daten zur Verf\u00fcgung gestellt hat. Der Verwender gibt die Daten nur an das mit der Lieferung beauftragte Versandunternehmen weiter, soweit dies zur Lieferung der Ware notwendig ist. Der Verwender versichert, dass die personenbezogenen Daten im \u00dcbrigen nicht an Dritte weitergegeben werden, es sei denn, dass er dazu gesetzlich verpflichtet w\u00e4re oder der Besteller vorher ausdr\u00fccklich eingewilligt hat. Soweit der Verwender zur Durchf\u00fchrung und Abwicklung von Verarbeitungsprozessen Dienstleistungen Dritter in Anspruch nimmt, werden die Bestimmungen des Bundesdatenschutzgesetzes eingehalten.<br><br>\u00a7 9 Dauer der Speicherung <br>Personenbezogene Daten, die dem Verwender mitgeteilt worden sind, werden nur so lange gespeichert, bis der Zweck erf\u00fcllt ist, zu dem sie ihm anvertraut wurden. Soweit handels- und steuerrechtliche Aufbewahrungsfristen zu beachten sind, kann die Dauer der Speicherung bestimmter Daten bis zu 10 Jahre betragen. Sollte der Besteller mit der Speicherung seiner personenbezogenen Daten nicht mehr einverstanden oder diese unrichtig geworden sein, wird der Verwender auf eine entsprechende Weisung in Form einer formlosen Mitteilung auf dem Postweg an Bettina Kletzsch, Louisenstra\u00dfe 70 in 01099 Dresden, oder durch eine E-Mail an mail@bettinakletzsch.com, hin im Rahmen der gesetzlichen Bestimmungen die L\u00f6schung, Korrektur oder Sperrung seiner Daten veranlassen. Auf Wunsch des Bestellers erh\u00e4lt er unentgeltlich Auskunft \u00fcber alle personenbezogenen Daten, die der Verwender \u00fcber ihn gespeichert hat.<br><br>\u00a7 10 Haftungsausschluss <br>f\u00fcr Links anderer Internetseiten Soweit auf die Webseiten Dritter verwiesen oder verlinkt wird, \u00fcbernimmt der Verwender keine Gew\u00e4hr und Haftung f\u00fcr die Richtigkeit bzw. Vollst\u00e4ndigkeit der Inhalte und die Datensicherheit dieser Websites. Da der Verwender keinen Einfluss auf die Einhaltung datenschutzrechtlicher Bestimmungen durch Dritte hat, distanziert er sich hiermit ausdr\u00fccklich von allen Inhalten aller verlinkten Seiten Dritter und macht sich diese Inhalte nicht zu eigen. Die Erkl\u00e4rung gilt f\u00fcr alle angezeigten Links und f\u00fcr alle Inhalte der Seiten, zu denen Links f\u00fchren.<br><br>\u00a7 11 Anwendbares Recht <br>Es gilt ausschlie\u00dflich deutsches Recht. Gegen\u00fcber einem Verbraucher gilt diese Rechtswahl nur insoweit, als dadurch keine zwingenden gesetzlichen Bestimmungen des Staates, in dem er seinen Wohnsitz oder gew\u00f6hnlichen Aufenthalt hat, eingeschr\u00e4nkt werden.<\/p>\n","protected":false},"excerpt":{"rendered":"<p>Allgemeine Gesch\u00e4ftsbedingungen \u00a7 1 \u2013 Vertragspartner und Verwender der AGB (1) Vertragspartner f\u00fcr die im \u201eModehaus Kletzsch &#8211; online Shop\u201c aufgef\u00fchrten Waren und Verwender dieser AGB ist: Bettina Kletzsch, Louisenstra\u00dfe 70 in 01099 Dresden (im folgenden kurz \u201eVerwender \u201c genannt). (2) Bestandteil des Vertrages sind diese \u201eAllgemeinen Gesch\u00e4ftsbedingungen\u201c (AGB), wenn sie vom Besteller mit Abschluss <a href=\"https:\/\/bettinakletzsch.de\/shop\/en\/agb\/\" class=\"more-link\">&#8230;<span class=\"screen-reader-text\">  AGB<\/span><\/a><\/p>\n","protected":false},"author":1,"featured_media":0,"parent":0,"menu_order":0,"comment_status":"closed","ping_status":"closed","template":"","meta":{"footnotes":""},"class_list":["post-14","page","type-page","status-publish","hentry"],"jetpack_sharing_enabled":true,"_links":{"self":[{"href":"https:\/\/bettinakletzsch.de\/shop\/en\/wp-json\/wp\/v2\/pages\/14","targetHints":{"allow":["GET"]}}],"collection":[{"href":"https:\/\/bettinakletzsch.de\/shop\/en\/wp-json\/wp\/v2\/pages"}],"about":[{"href":"https:\/\/bettinakletzsch.de\/shop\/en\/wp-json\/wp\/v2\/types\/page"}],"author":[{"embeddable":true,"href":"https:\/\/bettinakletzsch.de\/shop\/en\/wp-json\/wp\/v2\/users\/1"}],"replies":[{"embeddable":true,"href":"https:\/\/bettinakletzsch.de\/shop\/en\/wp-json\/wp\/v2\/comments?post=14"}],"version-history":[{"count":3,"href":"https:\/\/bettinakletzsch.de\/shop\/en\/wp-json\/wp\/v2\/pages\/14\/revisions"}],"predecessor-version":[{"id":337,"href":"https:\/\/bettinakletzsch.de\/shop\/en\/wp-json\/wp\/v2\/pages\/14\/revisions\/337"}],"wp:attachment":[{"href":"https:\/\/bettinakletzsch.de\/shop\/en\/wp-json\/wp\/v2\/media?parent=14"}],"curies":[{"name":"wp","href":"https:\/\/api.w.org\/{rel}","templated":true}]}}